{"id":4225,"date":"2025-05-27T16:26:17","date_gmt":"2025-05-27T16:26:17","guid":{"rendered":"https:\/\/ing-coach.com\/?page_id=4225"},"modified":"2025-07-24T14:43:17","modified_gmt":"2025-07-24T14:43:17","slug":"4225-2","status":"publish","type":"page","link":"https:\/\/ing-coach.com\/?page_id=4225","title":{"rendered":""},"content":{"rendered":"<p style=\"text-align: center;\"><span style=\"font-size: 32px;\"><strong>Blog<\/strong><\/span><\/p>\n<p>&nbsp;<\/p>\n<p style=\"text-align: justify;\"><span style=\"font-size: 14px;\">(28 05 2025)<\/span><br \/>\n<span style=\"text-decoration: underline; font-size: 20px;\"><em><strong>Le nerf vague : dialogue entre le c\u0153ur et le cerveau<\/strong><\/em><\/span>, un documentaire<br \/>\npr\u00e9sent\u00e9 par la chaine ARTE, disponible jusqu\u2019au 19 novembre 2025. \u00ab\u00a0Couteau<br \/>\nsuisse\u00a0\u00bb; du corps humain, le nerf vague r\u00e9gule de nombreux processus vitaux.<br \/>\nCe documentaire explore son fonctionnement et les potentialit\u00e9s de sa<br \/>\nstimulation dans le traitement de certaines maladies et du stress chronique. A<br \/>\ncet \u00e9gard, la pratique de la coh\u00e9rence cardiaque est un tr\u00e8s bon outil dont les<br \/>\nr\u00e9sultats sont rapidement tangibles.<br \/>\n<a href=\"https:\/\/www.arte.tv\/fr\/videos\/120436-000-A\/le-nerf-vague-dialogue-entre-le-%20coeur-et-le-cerveau\/\"><span style=\"font-size: 14px;\">https:\/\/www.arte.tv\/fr\/videos\/120436-000-A\/le-nerf-vague-dialogue-entre-le-<\/span><\/a><br \/>\n<a href=\"https:\/\/www.arte.tv\/fr\/videos\/120436-000-A\/le-nerf-vague-dialogue-entre-le-%20coeur-et-le-cerveau\/\"><span style=\"font-size: 14px;\">coeur-et-le-cerveau\/<\/span><\/a><\/p>\n<p>&nbsp;<\/p>\n<p style=\"text-align: justify;\"><span style=\"font-size: 14px;\">(28 05 2025)<\/span><br \/>\nL\u2019INRS \u00ab Sant\u00e9 et S\u00e9curit\u00e9 au Travail \u00bb pr\u00e9sentent un dossier sur <span style=\"text-decoration: underline;\"><em><strong><span style=\"font-size: 20px;\">le stress au<\/span><\/strong><\/em><\/span><br \/>\n<span style=\"text-decoration: underline;\"><em><strong><span style=\"font-size: 20px;\">travail .<\/span><\/strong><\/em><\/span><br \/>\n\u00ab\u00a0On parle de stress au travail quand une personne ressent un d\u00e9s\u00e9quilibre<br \/>\nentre ce qu\u2019on lui demande de faire dans le cadre professionnel et les<br \/>\nressources dont elle dispose pour y r\u00e9pondre. Les situations stressantes qui<br \/>\ns\u2019installent dans la dur\u00e9e ont toujours un co\u00fbt pour la sant\u00e9 des individus qui<br \/>\nles subissent. Elles ont \u00e9galement des r\u00e9percussions n\u00e9gatives sur le<br \/>\nfonctionnement des entreprises (turnover, journ\u00e9es de travail perdues, perte<br \/>\nde qualit\u00e9 de la production, d\u00e9motivation\u2026) &#8230;\u00a0\u00bb (INRS, Dossier Stress au<br \/>\ntravail).<br \/>\n<a href=\"https:\/\/www.inrs.fr\/risques\/stress\/ce-qu-il-faut-retenir.html\">https:\/\/www.inrs.fr\/risques\/stress\/ce-qu-il-faut-retenir.html<\/a><\/p>\n<p>&nbsp;<\/p>\n<p><span style=\"font-size: 14px;\">(17 06 2025)<\/span><\/p>\n<p><span style=\"font-size: 20px;\"><b><i><u>Hypnose : en finir avec la douleur<\/u><\/i><\/b><\/span>\u00a0: L\u2019\u00e9mission Fr\u00e9quence M\u00e9dicale informe les patients de l\u2019int\u00e9r\u00eat de l\u2019hypnose en situation de douleur chronique. L\u2019invit\u00e9 est le Docteur Jean-Marc Benhaiem, directeur de l\u2019Association Fran\u00e7aise pour l\u2019Etude de L\u2019hypnose M\u00e9dicale.<\/p>\n<p style=\"text-align: justify;\">A travers un exemple pratique qui est le premier motif de consultation en m\u00e9decine : la douleur, quels sont les m\u00e9canismes qui entrent en jeu pour soulager des patients en \u00e9chec th\u00e9rapeutique, quelles sont les relations avec la m\u00e9ditation, comment prescrire et \u00e0 quel rythme, comment se former \u00e0 l\u2019hypnose ? Les r\u00e9ponses avec le cr\u00e9ateur du premier dipl\u00f4me universitaire d\u2019hypnose m\u00e9dicale \u00e0 la Piti\u00e9 Salp\u00eatri\u00e8re et un m\u00e9decin g\u00e9n\u00e9raliste qui pratique quotidiennement l\u2019hypnose.<\/p>\n<p><a href=\"https:\/\/www.youtube.com\/watch?v=GTW1vQEdeC0\">https:\/\/www.youtube.com\/watch?v=GTW1vQEdeC0<\/a><\/p>\n<p>&nbsp;<\/p>\n<p><span style=\"font-size: 14px;\">(24 07 2025)<\/span><\/p>\n<p><span style=\"font-size: 20px;\"><strong><em><u>Quelles mutuelles remboursent les consultations en Hypnoth\u00e9rapie ?<\/u><\/em><\/strong><\/span><\/p>\n<p>Resalib et ses partenaires mettent \u00e0 disposition des utilisateurs et des praticiens les informations de remboursements (montants, conditions) des diff\u00e9rentes mutuelles fran\u00e7aises pour les diff\u00e9rentes sp\u00e9cialit\u00e9s de la m\u00e9decine douce et du monde du bien-\u00eatre.<\/p>\n<p><a href=\"https:\/\/www.resalib.fr\/remboursement\/mutuelle\/specialite\/60\">https:\/\/www.resalib.fr\/remboursement\/mutuelle\/specialite\/60<\/a><\/p>\n<p>&nbsp;<\/p>\n<p style=\"text-align: justify;\"><strong><em><u>Prise de rdv par t\u00e9l\u00e9phone, pour Paris, Corte et Borgo, au 06 07 72 01 03<\/u><\/em><\/strong><\/p>\n<p style=\"text-align: justify;\"><strong><em>Adresse \u00e9lectronique\u00a0: <\/em><\/strong><a href=\"mailto:jeanmichelnicolai@hotmail.com\"><strong><em>jeanmichelnicolai@hotmail.com<\/em><\/strong><\/a><\/p>\n","protected":false},"excerpt":{"rendered":"<p>Blog &nbsp; (28 05 2025) Le nerf vague : dialogue entre le c\u0153ur et le cerveau, un documentaire pr\u00e9sent\u00e9 par la chaine ARTE, disponible jusqu\u2019au 19 novembre 2025. \u00ab\u00a0Couteau suisse\u00a0\u00bb; du corps humain, le nerf vague r\u00e9gule de nombreux processus vitaux. Ce documentaire explore son fonctionnement et les potentialit\u00e9s de sa stimulation dans le traitement [&hellip;]<\/p>\n","protected":false},"author":1,"featured_media":0,"parent":0,"menu_order":0,"comment_status":"closed","ping_status":"closed","template":"","meta":{"_monsterinsights_skip_tracking":false,"_monsterinsights_sitenote_active":false,"_monsterinsights_sitenote_note":"","_monsterinsights_sitenote_category":0,"footnotes":""},"class_list":["post-4225","page","type-page","status-publish","hentry"],"_links":{"self":[{"href":"https:\/\/ing-coach.com\/index.php?rest_route=\/wp\/v2\/pages\/4225","targetHints":{"allow":["GET"]}}],"collection":[{"href":"https:\/\/ing-coach.com\/index.php?rest_route=\/wp\/v2\/pages"}],"about":[{"href":"https:\/\/ing-coach.com\/index.php?rest_route=\/wp\/v2\/types\/page"}],"author":[{"embeddable":true,"href":"https:\/\/ing-coach.com\/index.php?rest_route=\/wp\/v2\/users\/1"}],"replies":[{"embeddable":true,"href":"https:\/\/ing-coach.com\/index.php?rest_route=%2Fwp%2Fv2%2Fcomments&post=4225"}],"version-history":[{"count":22,"href":"https:\/\/ing-coach.com\/index.php?rest_route=\/wp\/v2\/pages\/4225\/revisions"}],"predecessor-version":[{"id":4278,"href":"https:\/\/ing-coach.com\/index.php?rest_route=\/wp\/v2\/pages\/4225\/revisions\/4278"}],"wp:attachment":[{"href":"https:\/\/ing-coach.com\/index.php?rest_route=%2Fwp%2Fv2%2Fmedia&parent=4225"}],"curies":[{"name":"wp","href":"https:\/\/api.w.org\/{rel}","templated":true}]}}