{"id":4072,"date":"2022-05-19T16:25:57","date_gmt":"2022-05-19T16:25:57","guid":{"rendered":"https:\/\/ing-coach.com\/?page_id=4072"},"modified":"2025-07-24T14:37:37","modified_gmt":"2025-07-24T14:37:37","slug":"charte-ethique-de-lassociation-francaise-pour-letude-de-lhypnose-medicale","status":"publish","type":"page","link":"https:\/\/ing-coach.com\/?page_id=4072","title":{"rendered":""},"content":{"rendered":"<p>&nbsp;<\/p>\n<p style=\"text-align: center;\">Charte Ethique de l&rsquo;Association Fran\u00e7aise pour l&rsquo;Etude de l&rsquo;Hypnose M\u00e9dicale<\/p>\n<p style=\"text-align: center;\">Association Fran\u00e7aise pour l\u2019Etude de l\u2019Hypnose M\u00e9dicale<\/p>\n<p style=\"text-align: center;\"><em>19 avenue Franklin Rooselvet 75008 Paris<\/em><\/p>\n<p style=\"text-align: center;\"><em>Tel.\u00a0: 01 42 56 65 65<\/em><\/p>\n<p>&nbsp;<\/p>\n<p style=\"text-align: justify;\">Code d\u2019\u00e9thique et de bonnes pratiques de l\u2019Hypnose M\u00e9dicale<\/p>\n<p style=\"text-align: justify;\">\u00a0<\/p>\n<p style=\"text-align: justify;\">DANS SA PRATIQUE\u00a0:\u00a0<\/p>\n<p style=\"text-align: justify;\">Le th\u00e9rapeute doit d\u00e9livrer uniquement des traitements relevant de sa comp\u00e9tence. La connaissance des seules techniques de l\u2019hypnose n\u2019est pas suffisante pour autoriser une pratique de soignant.<\/p>\n<p style=\"text-align: justify;\">Il doit s\u2019engager \u00e0 actualiser sa formation et son information sur les indications et bonnes pratiques de l\u2019hypnose.<\/p>\n<p style=\"text-align: justify;\">Dans un suivi commun avec d\u2019autres sp\u00e9cialistes d\u2019autres disciplines, il doit respecter les traitements et s\u2019engager \u00e0 informer ses confr\u00e8res sur le type de prise en charge qu\u2019il envisage de mettre en place, ainsi que les r\u00e9sultats obtenus.<\/p>\n<p style=\"text-align: justify;\">La prise en charge des mineurs devra se faire apr\u00e8s information et accord des parents, du tuteur l\u00e9gal ou de l\u2019autorit\u00e9 judiciaire.<\/p>\n<p style=\"text-align: justify;\">DANS SA CONDUITE\u00a0:<\/p>\n<p style=\"text-align: justify;\">L\u2019hypnoth\u00e9rapeute doit respecter la dignit\u00e9, les droits, les points de vue et l\u2019autonomie de son patient. Il doit engager des normes conformes de bonne conduite avec sa fonction de soignant.<\/p>\n<p style=\"text-align: justify;\">Il doit informer le patient de la dur\u00e9e pr\u00e9visible du traitement, ses modalit\u00e9s et la charge financi\u00e8re avant de d\u00e9buter toute prise en charge th\u00e9rapeutique.<\/p>\n<p style=\"text-align: justify;\">Le th\u00e9rapeute doit s\u2019assurer que les objectifs vis\u00e9s correspondent aux souhaits \u00e9mis par le patient. S\u2019il juge profitable ou n\u00e9cessaire pour le patient, le th\u00e9rapeute doit apr\u00e8s information et autorisation du patient, demander l\u2019avis d\u2019un autre sp\u00e9cialiste, dans des situations difficiles ou en cas de doute.<\/p>\n<p style=\"text-align: justify;\">Il doit s\u2019assurer que la symptomatologie pr\u00e9sente n\u2019est pas le reflet d\u2019une atteinte organique m\u00e9connue et s\u2019assurer que celle-ci a bien fait l\u2019objet d\u2019un diagnostic et d\u2019une prise en charge adapt\u00e9e.<\/p>\n<p style=\"text-align: justify;\">Il ne doit pas favoriser une relation de d\u00e9pendance de son patient, non orienter le traitement en fonction d\u2019un b\u00e9n\u00e9fice propre.<\/p>\n<p>&nbsp;<\/p>\n<p style=\"text-align: justify;\"><strong><em><u>Prise de rdv par t\u00e9l\u00e9phone, pour Paris, Corte et Borgo, au 06 07 72 01 03<\/u><\/em><\/strong><\/p>\n<p style=\"text-align: justify;\"><strong><em>Adresse \u00e9lectronique\u00a0: <\/em><\/strong><a href=\"mailto:jeanmichelnicolai@hotmail.com\"><strong><em>jeanmichelnicolai@hotmail.com<\/em><\/strong><\/a><\/p>\n","protected":false},"excerpt":{"rendered":"<p>&nbsp; Charte Ethique de l&rsquo;Association Fran\u00e7aise pour l&rsquo;Etude de l&rsquo;Hypnose M\u00e9dicale Association Fran\u00e7aise pour l\u2019Etude de l\u2019Hypnose M\u00e9dicale 19 avenue Franklin Rooselvet 75008 Paris Tel.\u00a0: 01 42 56 65 65 &nbsp; Code d\u2019\u00e9thique et de bonnes pratiques de l\u2019Hypnose M\u00e9dicale \u00a0 DANS SA PRATIQUE\u00a0:\u00a0 Le th\u00e9rapeute doit d\u00e9livrer uniquement des traitements relevant de sa comp\u00e9tence. [&hellip;]<\/p>\n","protected":false},"author":1,"featured_media":0,"parent":0,"menu_order":0,"comment_status":"closed","ping_status":"closed","template":"","meta":{"_monsterinsights_skip_tracking":false,"_monsterinsights_sitenote_active":false,"_monsterinsights_sitenote_note":"","_monsterinsights_sitenote_category":0,"footnotes":""},"class_list":["post-4072","page","type-page","status-publish","hentry"],"_links":{"self":[{"href":"https:\/\/ing-coach.com\/index.php?rest_route=\/wp\/v2\/pages\/4072","targetHints":{"allow":["GET"]}}],"collection":[{"href":"https:\/\/ing-coach.com\/index.php?rest_route=\/wp\/v2\/pages"}],"about":[{"href":"https:\/\/ing-coach.com\/index.php?rest_route=\/wp\/v2\/types\/page"}],"author":[{"embeddable":true,"href":"https:\/\/ing-coach.com\/index.php?rest_route=\/wp\/v2\/users\/1"}],"replies":[{"embeddable":true,"href":"https:\/\/ing-coach.com\/index.php?rest_route=%2Fwp%2Fv2%2Fcomments&post=4072"}],"version-history":[{"count":14,"href":"https:\/\/ing-coach.com\/index.php?rest_route=\/wp\/v2\/pages\/4072\/revisions"}],"predecessor-version":[{"id":4276,"href":"https:\/\/ing-coach.com\/index.php?rest_route=\/wp\/v2\/pages\/4072\/revisions\/4276"}],"wp:attachment":[{"href":"https:\/\/ing-coach.com\/index.php?rest_route=%2Fwp%2Fv2%2Fmedia&parent=4072"}],"curies":[{"name":"wp","href":"https:\/\/api.w.org\/{rel}","templated":true}]}}