{"id":4070,"date":"2022-05-19T16:24:42","date_gmt":"2022-05-19T16:24:42","guid":{"rendered":"https:\/\/ing-coach.com\/?page_id=4070"},"modified":"2025-07-24T14:36:37","modified_gmt":"2025-07-24T14:36:37","slug":"non-stop-medecine","status":"publish","type":"page","link":"https:\/\/ing-coach.com\/?page_id=4070","title":{"rendered":""},"content":{"rendered":"<p>&nbsp;<\/p>\n<p style=\"text-align: center;\"><span style=\"font-size: 24px;\"><strong>Non Stop M\u00e9decine<\/strong><\/span><\/p>\n<p style=\"text-align: center;\"><span style=\"font-size: 24px;\"><strong>\u00a0poursuivre sa prise en charge m\u00e9dicale<\/strong><\/span><\/p>\n<p>&nbsp;<\/p>\n<p>&nbsp;<\/p>\n<p style=\"text-align: justify;\">Je soussign\u00e9(e) Mr-Mme-Mlle \u2026\u2026\u2026\u2026\u2026\u2026\u2026\u2026\u2026\u2026\u2026\u2026\u2026\u2026<\/p>\n<p style=\"text-align: justify;\">atteste par la pr\u00e9sente que Jean-Michel NICOLA\u00cf, m\u2019a recommand\u00e9 de poursuivre la prise en charge m\u00e9dicale (prescriptions m\u00e9dicamenteuses, examens m\u00e9dicaux, chirurgie, \u2026) recommand\u00e9e par le corps m\u00e9dical.<\/p>\n<p style=\"text-align: justify;\">\u00a0<\/p>\n<p style=\"text-align: justify;\">A aucun moment, il ne m\u2019a conseill\u00e9, ordonn\u00e9 ou sugg\u00e9r\u00e9 de stopper cette prise en charge m\u00e9dicale.<\/p>\n<p style=\"text-align: justify;\">\u00a0<\/p>\n<p style=\"text-align: justify;\">J\u2019ai clairement compris que la prise en charge par l\u2019hypnose et\/ou la coh\u00e9rence cardiaque est un compl\u00e9ment \u00e0 la m\u00e9decine et ne remplace en aucun cas la m\u00e9decine.<\/p>\n<p style=\"text-align: justify;\">\u00a0<\/p>\n<p style=\"text-align: justify;\">Fait \u00e0 \u2026\u2026\u2026\u2026\u2026\u2026\u2026\u2026\u2026\u2026\u2026\u2026.\u2026.. Le \u2026\u2026\u2026\u2026\u2026\u2026\u2026\u2026\u2026<\/p>\n<p style=\"text-align: justify;\">\u00a0<\/p>\n<p style=\"text-align: justify;\">\u00a0<\/p>\n<p style=\"text-align: justify;\">Signature\u00a0:<\/p>\n<p style=\"text-align: justify;\">\u00a0<\/p>\n<p style=\"text-align: justify;\">\u00a0<\/p>\n<p style=\"text-align: justify;\">\u00a0<\/p>\n<p style=\"text-align: justify;\"><strong><em><u>Prise de rdv par t\u00e9l\u00e9phone, pour Paris, Corte et Borgo, au 06 07 72 01 03<\/u><\/em><\/strong><\/p>\n<p style=\"text-align: justify;\"><strong><em>Adresse \u00e9lectronique\u00a0: <\/em><\/strong><a href=\"mailto:jeanmichelnicolai@hotmail.com\"><strong><em>jeanmichelnicolai@hotmail.com<\/em><\/strong><\/a><\/p>\n<p style=\"text-align: justify;\">\u00a0<\/p>\n<p style=\"text-align: justify;\">\u00a0<\/p>\n","protected":false},"excerpt":{"rendered":"<p>&nbsp; Non Stop M\u00e9decine \u00a0poursuivre sa prise en charge m\u00e9dicale &nbsp; &nbsp; Je soussign\u00e9(e) Mr-Mme-Mlle \u2026\u2026\u2026\u2026\u2026\u2026\u2026\u2026\u2026\u2026\u2026\u2026\u2026\u2026 atteste par la pr\u00e9sente que Jean-Michel NICOLA\u00cf, m\u2019a recommand\u00e9 de poursuivre la prise en charge m\u00e9dicale (prescriptions m\u00e9dicamenteuses, examens m\u00e9dicaux, chirurgie, \u2026) recommand\u00e9e par le corps m\u00e9dical. \u00a0 A aucun moment, il ne m\u2019a conseill\u00e9, ordonn\u00e9 ou sugg\u00e9r\u00e9 de [&hellip;]<\/p>\n","protected":false},"author":1,"featured_media":0,"parent":0,"menu_order":0,"comment_status":"closed","ping_status":"closed","template":"","meta":{"_monsterinsights_skip_tracking":false,"_monsterinsights_sitenote_active":false,"_monsterinsights_sitenote_note":"","_monsterinsights_sitenote_category":0,"footnotes":""},"class_list":["post-4070","page","type-page","status-publish","hentry"],"_links":{"self":[{"href":"https:\/\/ing-coach.com\/index.php?rest_route=\/wp\/v2\/pages\/4070","targetHints":{"allow":["GET"]}}],"collection":[{"href":"https:\/\/ing-coach.com\/index.php?rest_route=\/wp\/v2\/pages"}],"about":[{"href":"https:\/\/ing-coach.com\/index.php?rest_route=\/wp\/v2\/types\/page"}],"author":[{"embeddable":true,"href":"https:\/\/ing-coach.com\/index.php?rest_route=\/wp\/v2\/users\/1"}],"replies":[{"embeddable":true,"href":"https:\/\/ing-coach.com\/index.php?rest_route=%2Fwp%2Fv2%2Fcomments&post=4070"}],"version-history":[{"count":14,"href":"https:\/\/ing-coach.com\/index.php?rest_route=\/wp\/v2\/pages\/4070\/revisions"}],"predecessor-version":[{"id":4275,"href":"https:\/\/ing-coach.com\/index.php?rest_route=\/wp\/v2\/pages\/4070\/revisions\/4275"}],"wp:attachment":[{"href":"https:\/\/ing-coach.com\/index.php?rest_route=%2Fwp%2Fv2%2Fmedia&parent=4070"}],"curies":[{"name":"wp","href":"https:\/\/api.w.org\/{rel}","templated":true}]}}