{"id":24,"date":"2015-04-11T09:17:03","date_gmt":"2015-04-11T09:17:03","guid":{"rendered":"http:\/\/ing-coach.com\/?page_id=24"},"modified":"2025-07-24T14:32:54","modified_gmt":"2025-07-24T14:32:54","slug":"presentation-et-coordonnees","status":"publish","type":"page","link":"https:\/\/ing-coach.com\/?page_id=24","title":{"rendered":""},"content":{"rendered":"<p>&nbsp;<\/p>\n<p style=\"text-align: center;\"><span style=\"font-size: 24px;\"><strong>Pr\u00e9sentation de l\u2019hypnoth\u00e9rapeute<\/strong><\/span><\/p>\n<p>&nbsp;<\/p>\n<p><strong>Formation et exp\u00e9rience professionnelle<\/strong><\/p>\n<p style=\"text-align: justify;\">Docteur en Sciences de Gestion de l\u2019Universit\u00e9 de Corse, sp\u00e9cialiste de la Responsabilit\u00e9 Soci\u00e9tale des Professionnels et des Entreprises, Ing\u00e9nieur\u00a0 en organisation du travail et en coaching d\u2019entreprise, j&rsquo;accompagne \u00e0 ce titre, et cela depuis 20 ans, les professionnels, cadres et dirigeants des organisations dans leurs devenirs professionnels et leurs r\u00e9flexions strat\u00e9giques professionnelles et personnelles, en tant que coach, hypnoth\u00e9rapeute et praticien en coh\u00e9rence cardiaque avec cardiofeedback.<\/p>\n<p style=\"text-align: justify;\">Je suis aussi dipl\u00f4m\u00e9 de l\u2019Institut de Gestion Sociale (IGS) en Management et D\u00e9veloppement des Ressources Humaines (MDRH), de l\u2019Ecole de Sant\u00e9 Publique de la Facult\u00e9 de M\u00e9decine de Nancy en sant\u00e9 publique et communautaire et du R\u00e9seau des Hautes \u00c9tudes des Pratiques Sociales (RHEPS \u2013 Sorbonne Nouvelle Paris) en recherche-action.<\/p>\n<p style=\"text-align: justify;\">Apr\u00e8s avoir \u00e9t\u00e9 travailleur social, j\u2019ai dirig\u00e9 l\u2019\u00c9cole Sup\u00e9rieure d\u2019Application des Biotechnologies (ESABIO) dont je suis le cofondateur, et le Centre International des Certifications Polytechniques (CICP) que j\u2019ai aussi fond\u00e9. D\u2019autre part, j\u2019ai d\u00e9velopp\u00e9 une grande exp\u00e9rience de responsable associatif (salari\u00e9 et volontaire) dans les domaines sociaux, humanitaires, m\u00e9dicaux, scientifiques et de la formation professionnelle.<\/p>\n<p style=\"text-align: justify;\">Charg\u00e9 d\u2019enseignement \u00e0 l\u2019Universit\u00e9, j\u2019ai exerc\u00e9, ou j\u2019exerce encore, des responsabilit\u00e9s d\u2019enseignement et de coordination de s\u00e9minaires en \u00e9cole doctorale pluridisciplinaire, en Facult\u00e9 de pharmacie et en \u00e9cole de management dans les domaines du management strat\u00e9gique associ\u00e9 au d\u00e9veloppement des ressources humaines, de la responsabilit\u00e9 soci\u00e9tale des professionnels et des entreprises, de l\u2019\u00e9thique des affaires et de l\u2019intelligence \u00e9conomique et strat\u00e9gique. J\u2019anime aussi des s\u00e9minaires de d\u00e9veloppement de l\u2019employabilit\u00e9.<\/p>\n<p style=\"text-align: justify;\">J\u2019ai \u00e9t\u00e9 pendant pr\u00e8s de 15 ans membre-expert du comit\u00e9 \u00ab\u00a0intelligence \u00e9conomique et strat\u00e9gique\u00a0\u00bb de la Soci\u00e9t\u00e9 Nationale des Ing\u00e9nieurs et Scientifiques de France.<\/p>\n<p style=\"text-align: justify;\">\u00a0<\/p>\n<p style=\"text-align: justify;\"><strong>Formation et exp\u00e9rience th\u00e9rapeutique<\/strong><\/p>\n<p style=\"text-align: justify;\">Le coaching d\u2019entreprise, m\u2019a naturellement amen\u00e9 \u00e0 percevoir tr\u00e8s souvent la n\u00e9cessit\u00e9 d\u2019un accompagnement th\u00e9rapeutique des professionnels, cadres et dirigeants des organisations que j\u2019accompagnais.<\/p>\n<p style=\"text-align: justify;\">Les difficult\u00e9s et incertitudes professionnelles influaient en termes de d\u00e9sordres intimes et familiaux, avec souvent des cons\u00e9quences en termes de sant\u00e9 globale.<\/p>\n<p style=\"text-align: justify;\">Aussi, ai-je pris la d\u00e9cision de devenir hypnoth\u00e9rapeute et de me former aux sp\u00e9cialit\u00e9s suivantes\u00a0:<\/p>\n<p style=\"text-align: justify;\">Praticien en hypnose m\u00e9dicale \u2010 Association Fran\u00e7aise pour l&rsquo;\u00c9tude de l&rsquo;Hypnose M\u00e9dicale (AFEHM).<\/p>\n<p style=\"text-align: justify;\">Formation compl\u00e9mentaire \u00ab Hypnose \u2013 Pens\u00e9e et corps \u2013 l\u2019Origine des affections \u00bb \u2010 Association Fran\u00e7aise pour l&rsquo;\u00c9tude de l&rsquo;Hypnose M\u00e9dicale (AFEHM).<\/p>\n<p style=\"text-align: justify;\">Formation compl\u00e9mentaire \u00ab Addictions \u00bb \u2010 Association Fran\u00e7aise pour l&rsquo;\u00c9tude de l&rsquo;Hypnose M\u00e9dicale (AFEHM).<\/p>\n<p style=\"text-align: justify;\">Praticien en hypnose ericksonienne \u2010 \u00c9cole Fran\u00e7aise d&rsquo;Hypnose.<\/p>\n<p style=\"text-align: justify;\">Ma\u00eetre praticien en hypnose ericksonienne \u2010 \u00c9cole Fran\u00e7aise d&rsquo;Hypnose.<\/p>\n<p style=\"text-align: justify;\">Praticien en coh\u00e9rence cardiaque avec cardiofeedback \u2010 Institut de Formation David O&rsquo;Hare (IFEDO).<\/p>\n<p style=\"text-align: justify;\">Analyste de la variabilit\u00e9 de la fr\u00e9quence cardiaque &#8211; Institut de Formation David O&rsquo;Hare (IFEDO).<\/p>\n<p style=\"text-align: justify;\">Conf\u00e9rencier en coh\u00e9rence cardiaque &#8211; Institut de Formation David O&rsquo;Hare (IFEDO).<\/p>\n<p style=\"text-align: justify;\">Addiction au num\u00e9rique &#8211; Equilibios<\/p>\n<p style=\"text-align: justify;\">Praticien en hypno-antalgie \u2010 Institut NEOLYS.<\/p>\n<p style=\"text-align: justify;\">Praticien sp\u00e9cialis\u00e9 en traitement des acouph\u00e8nes \u2010 Institut NEOLYS.<\/p>\n<p style=\"text-align: justify;\">Praticien en psycho-g\u00e9n\u00e9alogie th\u00e9rapeutique \u2010 Institut NEOLYS.<\/p>\n<p style=\"text-align: justify;\">Praticien sp\u00e9cialis\u00e9 en traitement des probl\u00e8mes de peau \u2010 Institut NEOLYS.<\/p>\n<p style=\"text-align: justify;\">Praticien en traitement des phobies \u2010 Institut NEOLYS.<\/p>\n<p style=\"text-align: justify;\">Certificat de psychopathologie \u2010 Institut NEOLYS.<\/p>\n<p style=\"text-align: justify;\">Praticien en psychanalyse \u2010 Me Former\/certification IPHM\/CMA.<\/p>\n<p style=\"text-align: justify;\">Et bien s\u00fbr, cette liste de formations est en \u00e9volution permanente, car je consid\u00e8re comme \u00e9tant une obligation morale que de me former tout au long de ma vie professionnelle th\u00e9rapeutique.<\/p>\n<p style=\"text-align: justify;\">\u00a0<\/p>\n<p style=\"text-align: justify;\"><strong><em><u>Prise de rdv par t\u00e9l\u00e9phone, pour Paris, Corte et Borgo, au 06 07 72 01 03<\/u><\/em><\/strong><\/p>\n<p style=\"text-align: justify;\"><strong><em>Adresse \u00e9lectronique\u00a0: <\/em><\/strong><a href=\"mailto:jeanmichelnicolai@hotmail.com\"><strong><em>jeanmichelnicolai@hotmail.com<\/em><\/strong><\/a><\/p>\n","protected":false},"excerpt":{"rendered":"<p>&nbsp; Pr\u00e9sentation de l\u2019hypnoth\u00e9rapeute &nbsp; Formation et exp\u00e9rience professionnelle Docteur en Sciences de Gestion de l\u2019Universit\u00e9 de Corse, sp\u00e9cialiste de la Responsabilit\u00e9 Soci\u00e9tale des Professionnels et des Entreprises, Ing\u00e9nieur\u00a0 en organisation du travail et en coaching d\u2019entreprise, j&rsquo;accompagne \u00e0 ce titre, et cela depuis 20 ans, les professionnels, cadres et dirigeants des organisations dans leurs [&hellip;]<\/p>\n","protected":false},"author":1,"featured_media":0,"parent":0,"menu_order":4,"comment_status":"closed","ping_status":"open","template":"","meta":{"_monsterinsights_skip_tracking":false,"_monsterinsights_sitenote_active":false,"_monsterinsights_sitenote_note":"","_monsterinsights_sitenote_category":0,"footnotes":""},"class_list":["post-24","page","type-page","status-publish","hentry"],"_links":{"self":[{"href":"https:\/\/ing-coach.com\/index.php?rest_route=\/wp\/v2\/pages\/24","targetHints":{"allow":["GET"]}}],"collection":[{"href":"https:\/\/ing-coach.com\/index.php?rest_route=\/wp\/v2\/pages"}],"about":[{"href":"https:\/\/ing-coach.com\/index.php?rest_route=\/wp\/v2\/types\/page"}],"author":[{"embeddable":true,"href":"https:\/\/ing-coach.com\/index.php?rest_route=\/wp\/v2\/users\/1"}],"replies":[{"embeddable":true,"href":"https:\/\/ing-coach.com\/index.php?rest_route=%2Fwp%2Fv2%2Fcomments&post=24"}],"version-history":[{"count":32,"href":"https:\/\/ing-coach.com\/index.php?rest_route=\/wp\/v2\/pages\/24\/revisions"}],"predecessor-version":[{"id":4273,"href":"https:\/\/ing-coach.com\/index.php?rest_route=\/wp\/v2\/pages\/24\/revisions\/4273"}],"wp:attachment":[{"href":"https:\/\/ing-coach.com\/index.php?rest_route=%2Fwp%2Fv2%2Fmedia&parent=24"}],"curies":[{"name":"wp","href":"https:\/\/api.w.org\/{rel}","templated":true}]}}