{"id":22,"date":"2015-04-11T09:16:08","date_gmt":"2015-04-11T09:16:08","guid":{"rendered":"http:\/\/ing-coach.com\/?page_id=22"},"modified":"2025-07-24T14:35:37","modified_gmt":"2025-07-24T14:35:37","slug":"charte-ethique","status":"publish","type":"page","link":"https:\/\/ing-coach.com\/?page_id=22","title":{"rendered":""},"content":{"rendered":"<p style=\"text-align: justify;\">\u00a0<\/p>\n<p><span style=\"font-size: 24px;\"><strong>Convention \u00e9thique pr\u00e9alable aux s\u00e9ances et interventions<\/strong><\/span><\/p>\n<p>&nbsp;<\/p>\n<p style=\"text-align: justify;\"><strong><em>Jean-Michel NICOLA\u00cf<\/em><\/strong><\/p>\n<p style=\"text-align: justify;\"><strong>Hypnoth\u00e9rapeute<\/strong><\/p>\n<p style=\"text-align: justify;\"><strong>Praticien en coh\u00e9rence cardiaque avec cardiofeedback<\/strong><\/p>\n<p style=\"text-align: justify;\"><strong>Coach de la vie professionnelle<\/strong><\/p>\n<p style=\"text-align: justify;\">Et<\/p>\n<p style=\"text-align: justify;\"><strong>Le consultant ou la consultante, <\/strong><\/p>\n<p style=\"text-align: justify;\">Co-signataire de la pr\u00e9sente convention (bas de page)<\/p>\n<p style=\"text-align: justify;\"><strong>Article 1<\/strong><\/p>\n<p style=\"text-align: justify;\">Jean-Michel NICOLA\u00cf s\u2019oblige au secret professionnel afin de respecter et de pr\u00e9server la vie priv\u00e9e des personnes qui le consultent. Il pr\u00e9servera l&rsquo;anonymat des personnes qui le consultent ou qui l&rsquo;ont consult\u00e9.<\/p>\n<p style=\"text-align: justify;\"><strong>Article 2<\/strong><\/p>\n<p style=\"text-align: justify;\">Jean-Michel NICOLA\u00cf est garant de ses qualifications et de leurs utilisations. Il tiendra ses connaissances th\u00e9oriques et pratiques mises \u00e0 jour r\u00e9guli\u00e8rement.<\/p>\n<p style=\"text-align: justify;\"><strong>Article 3<\/strong><\/p>\n<p style=\"text-align: justify;\">Jean-Michel NICOLA\u00cf ne devra pas pr\u00e9tendre \u00e0 des pouvoirs ou \u00e0 des formations qu&rsquo;il n&rsquo;a pas. Il devra \u00eatre prudent dans ses engagements. Il ne fera pas de promesses qu&rsquo;il ne pourra pas tenir. Il s&rsquo;abstiendra de toute publicit\u00e9 mensong\u00e8re.<\/p>\n<p style=\"text-align: justify;\"><strong>Article 4<\/strong><\/p>\n<p style=\"text-align: justify;\">N&rsquo;\u00e9tant ni m\u00e9decin, ni psychologue, ni psychiatre, ni psychoth\u00e9rapeute, Jean-Michel NICOLA\u00cf ne fait pas de diagnostics, ne soigne pas et ne gu\u00e9rit pas. Sa pratique est donn\u00e9e dans le cadre d&rsquo;une d\u00e9marche de bien \u00eatre, de coaching et d\u2019ing\u00e9nierie, \u00e0 l&rsquo;exclusion de tout objectif m\u00e9dical (ou param\u00e9dical), et ne peut en aucun cas se substituer \u00e0 un avis m\u00e9dical. Elle ne dispense en aucun cas de consulter un professionnel de la sant\u00e9, chaque fois que cela est n\u00e9cessaire. Seul un m\u00e9decin est habilit\u00e9 \u00e0 poser des diagnostics, prescrire, modifier ou supprimer tout traitement m\u00e9dical. Toute question relevant du domaine m\u00e9dical est \u00e0 poser \u00e0 votre m\u00e9decin traitant. Il n\u2019est aussi, ni juriste, ni expert-comptable.<\/p>\n<p style=\"text-align: justify;\"><strong>Article 5<\/strong><\/p>\n<p style=\"text-align: justify;\">Jean-Michel NICOLA\u00cf s\u2019appliquera \u00e0 travailler dans un esprit de respect de l\u2019individualit\u00e9 humaine, de ses diff\u00e9rences et de ses croyances.<\/p>\n<p style=\"text-align: justify;\"><strong>Article 6<\/strong><\/p>\n<p style=\"text-align: justify;\">Jean-Michel NICOLA\u00cf saura g\u00e9rer ses \u00e9tats internes, ma\u00eetriser les ph\u00e9nom\u00e8nes de transfert et de projection personnelle, aura travaill\u00e9 sur lui-m\u00eame et continuera \u00e0 le faire.<\/p>\n<p style=\"text-align: justify;\"><strong>Article 7<\/strong><\/p>\n<p style=\"text-align: justify;\">Jean-Michel NICOLA\u00cf d\u00e9finira et validera avec chaque personne qui le consulte l\u2019objectif de la consultation et mettra toute son attention et sa comp\u00e9tence au service de sa r\u00e9alisation.\u00a0<\/p>\n<p style=\"text-align: justify;\"><strong>Article 8<\/strong><\/p>\n<p style=\"text-align: justify;\">Jean-Michel NICOLA\u00cf conservera la volont\u00e9 d\u2019autonomiser la personne, m\u00eame au d\u00e9triment de son prestige professionnel, ou de la simple reconnaissance de son travail.<\/p>\n<p style=\"text-align: justify;\"><strong>Article 9<\/strong><\/p>\n<p style=\"text-align: justify;\">Jean-Michel NICOLA\u00cf conservera la volont\u00e9 de se d\u00e9passer lui-m\u00eame pour l\u2019atteinte des objectifs de la personne. Apprendre de l\u2019exp\u00e9rience et s\u2019am\u00e9liorer encore et toujours, rester souple et ouvert d\u2019esprit.<\/p>\n<p style=\"text-align: justify;\"><strong>Article 10<\/strong><\/p>\n<p style=\"text-align: justify;\">Jean-Michel NICOLA\u00cf adh\u00e8re \u00e0 la charte \u00e9thique de l\u2019Association Fran\u00e7aise pour l\u2019Etude de l\u2019Hypnose M\u00e9dicale \u2013 AFEHM<\/p>\n<p style=\"text-align: justify;\"><strong>Article 11<\/strong><\/p>\n<p style=\"text-align: justify;\">En contrepartie de son accompagnement, le consultant ou la consultante signataire s\u2019engagera \u00e0\u00a0:<\/p>\n<p style=\"text-align: justify;\">\u00eatre en s\u00e9ance dans un \u00e9tat propice au travail (tenue correcte et pas sous l\u2019emprise de l\u2019alcool ou de tout autre produit modifiant son \u00e9tat de conscience),<\/p>\n<p style=\"text-align: justify;\">r\u00e9gler l\u2019honoraire de la s\u00e9ance, r\u00e9gler l\u2019honoraire d\u2019une s\u00e9ance annul\u00e9e par lui-m\u00eame ou elle-m\u00eame, si elle n\u2019a pas \u00e9t\u00e9 annul\u00e9e avant un d\u00e9lai de 48 heures.<\/p>\n<p style=\"text-align: justify;\"><strong><em><u>Prise de rdv par t\u00e9l\u00e9phone, pour Paris, Corte et Borgo, au 06 07 72 01 03<\/u><\/em><\/strong><\/p>\n<p style=\"text-align: justify;\"><strong><em>Adresse \u00e9lectronique\u00a0: <\/em><\/strong><a href=\"mailto:jeanmichelnicolai@hotmail.com\"><strong><em>jeanmichelnicolai@hotmail.com<\/em><\/strong><\/a><\/p>\n","protected":false},"excerpt":{"rendered":"<p>\u00a0 Convention \u00e9thique pr\u00e9alable aux s\u00e9ances et interventions &nbsp; Jean-Michel NICOLA\u00cf Hypnoth\u00e9rapeute Praticien en coh\u00e9rence cardiaque avec cardiofeedback Coach de la vie professionnelle Et Le consultant ou la consultante, Co-signataire de la pr\u00e9sente convention (bas de page) Article 1 Jean-Michel NICOLA\u00cf s\u2019oblige au secret professionnel afin de respecter et de pr\u00e9server la vie priv\u00e9e des [&hellip;]<\/p>\n","protected":false},"author":1,"featured_media":0,"parent":0,"menu_order":3,"comment_status":"closed","ping_status":"open","template":"","meta":{"_monsterinsights_skip_tracking":false,"_monsterinsights_sitenote_active":false,"_monsterinsights_sitenote_note":"","_monsterinsights_sitenote_category":0,"footnotes":""},"class_list":["post-22","page","type-page","status-publish","hentry"],"_links":{"self":[{"href":"https:\/\/ing-coach.com\/index.php?rest_route=\/wp\/v2\/pages\/22","targetHints":{"allow":["GET"]}}],"collection":[{"href":"https:\/\/ing-coach.com\/index.php?rest_route=\/wp\/v2\/pages"}],"about":[{"href":"https:\/\/ing-coach.com\/index.php?rest_route=\/wp\/v2\/types\/page"}],"author":[{"embeddable":true,"href":"https:\/\/ing-coach.com\/index.php?rest_route=\/wp\/v2\/users\/1"}],"replies":[{"embeddable":true,"href":"https:\/\/ing-coach.com\/index.php?rest_route=%2Fwp%2Fv2%2Fcomments&post=22"}],"version-history":[{"count":29,"href":"https:\/\/ing-coach.com\/index.php?rest_route=\/wp\/v2\/pages\/22\/revisions"}],"predecessor-version":[{"id":4274,"href":"https:\/\/ing-coach.com\/index.php?rest_route=\/wp\/v2\/pages\/22\/revisions\/4274"}],"wp:attachment":[{"href":"https:\/\/ing-coach.com\/index.php?rest_route=%2Fwp%2Fv2%2Fmedia&parent=22"}],"curies":[{"name":"wp","href":"https:\/\/api.w.org\/{rel}","templated":true}]}}